{"id":3653,"date":"2017-10-03T16:09:22","date_gmt":"2017-10-03T14:09:22","guid":{"rendered":"http:\/\/lebeguinage.fr\/contact\/"},"modified":"2019-01-17T18:26:10","modified_gmt":"2019-01-17T17:26:10","slug":"contact","status":"publish","type":"page","link":"https:\/\/lebeguinage.fr\/en\/contact\/","title":{"rendered":"Contact"},"content":{"rendered":"<p><div class=\"fusion-fullwidth fullwidth-box fusion-builder-row-1 hundred-percent-fullwidth non-hundred-percent-height-scrolling\"  style='background-color: rgba(255,255,255,0);background-position: left top;background-repeat: no-repeat;padding-top:0px;padding-right:0px;padding-bottom:0px;padding-left:0px;border-top-width:0px;border-bottom-width:0px;border-color:#eae9e9;border-top-style:solid;border-bottom-style:solid;'><div class=\"fusion-builder-row fusion-row \"><div  class=\"fusion-layout-column fusion_builder_column fusion_builder_column_1_1 fusion-builder-column-0 fusion-one-full fusion-column-first fusion-column-last 1_1\"  style='margin-top:50px;margin-bottom:30px;'><div class=\"fusion-column-wrapper\" style=\"background-color:#ffffff;padding: 0px 40px 0px 40px;background-position:left top;background-repeat:no-repeat;-webkit-background-size:cover;-moz-background-size:cover;-o-background-size:cover;background-size:cover;\"   data-bg-url=\"\"><div class=\"fusion-column-content-centered\"><div class=\"fusion-column-content\"><div class=\"fusion-text\"><p style=\"text-align: center; font-size: 21px; font-weight: normal; font-family: Georgia-serif; letter-spacing: 2px; line-height: 0.1;\"><span style=\"color: #000000;\">CONTACTS<\/span><\/p>\n<h2 style=\"text-align: center;\">HOW TO COME<\/h2>\n<\/div><div class=\"fusion-sep-clear\"><\/div><div class=\"fusion-separator sep-single sep-solid\" style=\"border-color:#9f9582;border-top-width:3px;margin-left: auto;margin-right: auto;margin-top:10px;margin-bottom:20px;width:100%;max-width:50px;\"><\/div><\/div><\/div><div class=\"fusion-clearfix\"><\/div><\/div><\/div><div  class=\"fusion-layout-column fusion_builder_column fusion_builder_column_1_1 fusion-builder-column-1 fusion-one-full fusion-column-first fusion-column-last fusion-column-no-min-height 1_1\"  style='margin-top:0px;margin-bottom:0px;'><div class=\"fusion-column-wrapper\" style=\"padding: 0px 0px 0px 0px;background-position:left top;background-repeat:no-repeat;-webkit-background-size:cover;-moz-background-size:cover;-o-background-size:cover;background-size:cover;\"   data-bg-url=\"\">\t\t\t\t\t<script type=\"text\/javascript\">\n\t\t\t\t\t\tvar map_fusion_map_69f29b8eaae60;\n\t\t\t\t\t\tvar markers = [];\n\t\t\t\t\t\tvar counter = 0;\n\t\t\t\t\t\t\t\t\t\t\t\t\t\t\t\t\t\t\t\tvar fusionMapNonce = 'a650bb3046';\n\t\t\t\t\t\t\t\t\t\t\t\tfunction fusion_run_map_fusion_map_69f29b8eaae60() {\n\t\t\t\t\t\t\tjQuery('#fusion_map_69f29b8eaae60').fusion_maps({\n\t\t\t\t\t\t\t\taddresses: [{\"address\":\"47.510017,1.451122\",\"infobox_content\":\"\",\"marker\":\"https:\\\/\\\/lebeguinage.fr\\\/wp-content\\\/plugins\\\/fusion-builder\\\/images\\\/avada_map_marker.png\",\"coordinates\":true,\"latitude\":\"47.510017\",\"longitude\":\"1.451122\",\"cache\":true,\"geocoded_address\":\"47.510017,1.451122\"}],\n\t\t\t\t\t\t\t\tanimations: true,\n\t\t\t\t\t\t\t\tinfobox_background_color: 'rgba(000,000,000,.4)',\n\t\t\t\t\t\t\t\tinfobox_styling: 'default',\n\t\t\t\t\t\t\t\tinfobox_text_color: '#ffffff',\n\t\t\t\t\t\t\t\tmap_style: 'custom',\n\t\t\t\t\t\t\t\tmap_type: 'roadmap',\n\t\t\t\t\t\t\t\tmarker_icon: 'theme',\n\t\t\t\t\t\t\t\toverlay_color: '',\n\t\t\t\t\t\t\t\toverlay_color_hsl: {\"hue\":0,\"sat\":0,\"lum\":100},\n\t\t\t\t\t\t\t\tpan_control: true,\n\t\t\t\t\t\t\t\tshow_address: false,\n\t\t\t\t\t\t\t\tscale_control: true,\n\t\t\t\t\t\t\t\tscrollwheel: false,\n\t\t\t\t\t\t\t\tzoom: 15,\n\t\t\t\t\t\t\t\tzoom_control: true,\n\t\t\t\t\t\t\t});\n\t\t\t\t\t\t}\n\n\t\t\t\t\t\tgoogle.maps.event.addDomListener(window, 'load', fusion_run_map_fusion_map_69f29b8eaae60);\n\t\t\t\t\t<\/script>\n\t\t\t\t\t<div class=\"shortcode-map fusion-google-map fusion-maps-js-type\" id=\"fusion_map_69f29b8eaae60\" style=\"height:320px;width:100%;\"><\/div><div class=\"fusion-clearfix\"><\/div><\/div><\/div><\/div><\/div><div class=\"fusion-fullwidth fullwidth-box fusion-builder-row-2 nonhundred-percent-fullwidth non-hundred-percent-height-scrolling\"  style='background-color: #edebe8;background-position: left top;background-repeat: repeat;padding-top:80px;padding-right:0px;padding-bottom:25px;padding-left:0px;border-top-width:0px;border-bottom-width:0px;border-color:#eae9e9;border-top-style:solid;border-bottom-style:solid;'><div class=\"fusion-builder-row fusion-row \"><div  class=\"fusion-layout-column fusion_builder_column fusion_builder_column_1_2 fusion-builder-column-2 fusion-one-half fusion-column-first 1_2\"  style='margin-top:0px;margin-bottom:20px;width:48%; margin-right: 4%;'><div class=\"fusion-column-wrapper\" style=\"padding: 0px 100px 0px 10px;background-position:left top;background-repeat:no-repeat;-webkit-background-size:cover;-moz-background-size:cover;-o-background-size:cover;background-size:cover;\"   data-bg-url=\"\"><div class=\"fusion-text\"><h2 style=\"text-align: right;\">OUR LOCATION<\/h2>\n<\/div><div class=\"fusion-sep-clear\"><\/div><div class=\"fusion-separator sep-single sep-solid fusion-clearfix\" style=\"border-color:#9f9582;border-top-width:3px;float:right;margin-top:10px;margin-bottom:20px;width:100%;max-width:50px;\"><\/div><div class=\"fusion-sep-clear\"><\/div><div class=\"fusion-text\"><p style=\"text-align: right;\">Mr et Mrs Deloison<\/p>\n<p style=\"text-align: right;\">Le B\u00e9guinage<br \/>14 rue nationale<br \/>41700 Cour-Cheverny<\/p>\n<p style=\"text-align: right;\"><a href=\"tel:+33254792992\">+(33)2 54 79 29 92<\/a><br \/><a href=\"mailto:le.beguinage@wanadoo.fr\">le.beguinage@wanadoo.fr<\/a><\/p>\n<\/div><div class=\"fusion-clearfix\"><\/div><\/div><\/div><div  class=\"fusion-layout-column fusion_builder_column fusion_builder_column_1_2 fusion-builder-column-3 fusion-one-half fusion-column-last 1_2\"  style='margin-top:0px;margin-bottom:20px;width:48%'><div class=\"fusion-column-wrapper\" style=\"padding: 0px 10px 0px 50px;background-position:left top;background-repeat:no-repeat;-webkit-background-size:cover;-moz-background-size:cover;-o-background-size:cover;background-size:cover;\"   data-bg-url=\"\"><div class=\"fusion-text\"><h2 style=\"text-align: left;\">HOW TO COME<\/h2>\n<\/div><div class=\"fusion-sep-clear\"><\/div><div class=\"fusion-separator sep-single sep-solid\" style=\"border-color:#9f9582;border-top-width:3px;margin-top:10px;margin-bottom:20px;width:100%;max-width:50px;\"><\/div><div class=\"fusion-text\"><p>To come to the cottage :<\/p>\n<p>Blois train station: 12 KM.<\/p>\n<p>A10 Highway, &#8220;BLOIS&#8221; exit to &#8220;CHEVERNY&#8221;, then 1st exit on the right to &#8220;COUR-CHEVERNY&#8221;. <\/p>\n<p>TOURS NORD Airport.<\/p>\n<\/div><div class=\"fusion-clearfix\"><\/div><\/div><\/div><\/div><\/div><div class=\"fusion-fullwidth fullwidth-box fusion-builder-row-3 nonhundred-percent-fullwidth non-hundred-percent-height-scrolling\"  style='background-color: rgba(255,255,255,0);background-position: left top;background-repeat: repeat;padding-top:20px;padding-right:0px;padding-bottom:25px;padding-left:0px;margin-top: 50px;border-top-width:0px;border-bottom-width:0px;border-color:#eae9e9;border-top-style:solid;border-bottom-style:solid;'><div class=\"fusion-builder-row fusion-row \"><div  class=\"fusion-layout-column fusion_builder_column fusion_builder_column_1_1 fusion-builder-column-4 fusion-one-full fusion-column-first fusion-column-last 1_1\"  style='margin-top:0px;margin-bottom:20px;'><div class=\"fusion-column-wrapper\" style=\"padding: 0px 0px 0px 0px;background-position:left top;background-repeat:no-repeat;-webkit-background-size:cover;-moz-background-size:cover;-o-background-size:cover;background-size:cover;\"   data-bg-url=\"\"><div class=\"fusion-text\"><h2 style=\"text-align: center;\">SEND A MESSAGE<\/h2>\n<\/div><div class=\"fusion-sep-clear\"><\/div><div class=\"fusion-separator sep-single sep-solid\" style=\"border-color:#9f9582;border-top-width:3px;margin-left: auto;margin-right: auto;margin-top:10px;margin-bottom:20px;width:100%;max-width:50px;\"><\/div><div class=\"fusion-clearfix\"><\/div><\/div><\/div><div  class=\"fusion-layout-column fusion_builder_column fusion_builder_column_1_5 fusion-builder-column-5 fusion-one-fifth fusion-column-first 1_5\"  style='margin-top:0px;margin-bottom:20px;width:16.8%; margin-right: 4%;'><div class=\"fusion-column-wrapper\" style=\"padding: 0px 0px 0px 0px;background-position:left top;background-repeat:no-repeat;-webkit-background-size:cover;-moz-background-size:cover;-o-background-size:cover;background-size:cover;\"   data-bg-url=\"\"><div class=\"fusion-clearfix\"><\/div><\/div><\/div><div  class=\"fusion-layout-column fusion_builder_column fusion_builder_column_3_5 fusion-builder-column-6 fusion-three-fifth 3_5\"  style='margin-top:0px;margin-bottom:20px;width:58.4%; margin-right: 4%;'><div class=\"fusion-column-wrapper\" style=\"padding: 0px 0px 0px 0px;background-position:left top;background-repeat:no-repeat;-webkit-background-size:cover;-moz-background-size:cover;-o-background-size:cover;background-size:cover;\"   data-bg-url=\"\">\n<div class=\"wpcf7 no-js\" id=\"wpcf7-f2280-o1\" lang=\"fr-FR\" dir=\"ltr\" data-wpcf7-id=\"2280\">\n<div class=\"screen-reader-response\"><p role=\"status\" aria-live=\"polite\" aria-atomic=\"true\"><\/p> <ul><\/ul><\/div>\n<form action=\"\/en\/wp-json\/wp\/v2\/pages\/3653\/#wpcf7-f2280-o1\" method=\"post\" class=\"wpcf7-form init\" aria-label=\"Formulaire de contact\" novalidate=\"novalidate\" data-status=\"init\">\n<div style=\"display: none;\">\n<input type=\"hidden\" name=\"_wpcf7\" value=\"2280\" \/>\n<input type=\"hidden\" name=\"_wpcf7_version\" value=\"6.0.3\" \/>\n<input type=\"hidden\" name=\"_wpcf7_locale\" value=\"fr_FR\" \/>\n<input type=\"hidden\" name=\"_wpcf7_unit_tag\" value=\"wpcf7-f2280-o1\" \/>\n<input type=\"hidden\" name=\"_wpcf7_container_post\" value=\"0\" \/>\n<input type=\"hidden\" name=\"_wpcf7_posted_data_hash\" value=\"\" \/>\n<input type=\"hidden\" name=\"_wpcf7_recaptcha_response\" value=\"\" \/>\n<\/div>\n<p><label> Your name (required)<br \/>\n<span class=\"wpcf7-form-control-wrap\" data-name=\"your-name\"><input size=\"40\" maxlength=\"400\" class=\"wpcf7-form-control wpcf7-text wpcf7-validates-as-required\" aria-required=\"true\" aria-invalid=\"false\" value=\"\" type=\"text\" name=\"your-name\" \/><\/span> <\/label>\n<\/p>\n<p><label> Your e-mail (required)<br \/>\n<span class=\"wpcf7-form-control-wrap\" data-name=\"your-email\"><input size=\"40\" maxlength=\"400\" class=\"wpcf7-form-control wpcf7-email wpcf7-validates-as-required wpcf7-text wpcf7-validates-as-email\" aria-required=\"true\" aria-invalid=\"false\" value=\"\" type=\"email\" name=\"your-email\" \/><\/span> <\/label>\n<\/p>\n<p><label> Subject<br \/>\n<span class=\"wpcf7-form-control-wrap\" data-name=\"your-subject\"><input size=\"40\" maxlength=\"400\" class=\"wpcf7-form-control wpcf7-text\" aria-invalid=\"false\" value=\"\" type=\"text\" name=\"your-subject\" \/><\/span> <\/label>\n<\/p>\n<p><label> Your message<br \/>\n<span class=\"wpcf7-form-control-wrap\" data-name=\"your-message\"><textarea cols=\"40\" rows=\"10\" maxlength=\"2000\" class=\"wpcf7-form-control wpcf7-textarea\" aria-invalid=\"false\" name=\"your-message\"><\/textarea><\/span> <\/label>\n<\/p>\n<p><span class=\"wpcf7-form-control-wrap\" data-name=\"acceptance-142\"><span class=\"wpcf7-form-control wpcf7-acceptance\"><span class=\"wpcf7-list-item\"><input type=\"checkbox\" name=\"acceptance-142\" value=\"1\" aria-invalid=\"false\" \/><\/span><\/span><\/span> J\u2019ai lu et accepte la <a href=\"\/mentions-legales\/\" target=\"_blank\">politique de confidentialit\u00e9<\/a> de ce site.\n<\/p>\n<p><input class=\"wpcf7-form-control wpcf7-submit has-spinner\" type=\"submit\" value=\"Submit\" \/>\n<\/p><div class=\"fusion-alert alert custom alert-custom fusion-alert-center wpcf7-response-output fusion-alert-capitalize alert-dismissable\" style=\"border-width:1px;\"><button type=\"button\" class=\"close toggle-alert\" data-dismiss=\"alert\" aria-hidden=\"true\">&times;<\/button><div class=\"fusion-alert-content-wrapper\"><span class=\"fusion-alert-content\"><\/span><\/div><\/div>\n<\/form>\n<\/div>\n<div class=\"fusion-clearfix\"><\/div><\/div><\/div><div  class=\"fusion-layout-column fusion_builder_column fusion_builder_column_1_5 fusion-builder-column-7 fusion-one-fifth fusion-column-last 1_5\"  style='margin-top:0px;margin-bottom:20px;width:16.8%'><div class=\"fusion-column-wrapper\" style=\"padding: 0px 0px 0px 0px;background-position:left top;background-repeat:no-repeat;-webkit-background-size:cover;-moz-background-size:cover;-o-background-size:cover;background-size:cover;\"   data-bg-url=\"\"><div class=\"fusion-clearfix\"><\/div><\/div><\/div><div  class=\"fusion-layout-column fusion_builder_column fusion_builder_column_1_1 fusion-builder-column-8 fusion-one-full fusion-column-first fusion-column-last fusion-column-no-min-height 1_1\"  style='margin-top:0px;margin-bottom:0px;'><div class=\"fusion-column-wrapper\" style=\"padding: 0px 0px 0px 0px;background-position:left top;background-repeat:no-repeat;-webkit-background-size:cover;-moz-background-size:cover;-o-background-size:cover;background-size:cover;\"   data-bg-url=\"\"><span class=\"fusion-imageframe imageframe-none imageframe-1 hover-type-none\"> <img alt=\"\" class=\"img-responsive\"\/><\/span><div class=\"fusion-clearfix\"><\/div><\/div><\/div><\/div><\/div><\/p>\n","protected":false},"excerpt":{"rendered":"","protected":false},"author":4,"featured_media":0,"parent":0,"menu_order":0,"comment_status":"closed","ping_status":"closed","template":"100-width.php","meta":{"footnotes":""},"class_list":["post-3653","page","type-page","status-publish","hentry"],"yoast_head":"<!-- This site is optimized with the Yoast SEO plugin v24.2 - https:\/\/yoast.com\/wordpress\/plugins\/seo\/ -->\n<title>Contact - Chambres d&#039;h\u00f4tes et G\u00eete Le B\u00e9guinage \u00e0 Cour-Cheverny en Sologne<\/title>\n<meta name=\"robots\" content=\"index, follow, max-snippet:-1, max-image-preview:large, max-video-preview:-1\" \/>\n<link rel=\"canonical\" href=\"https:\/\/lebeguinage.fr\/en\/contact\/\" \/>\n<meta property=\"og:locale\" content=\"en_US\" \/>\n<meta property=\"og:type\" content=\"article\" \/>\n<meta property=\"og:title\" content=\"Contact - Chambres d&#039;h\u00f4tes et G\u00eete Le B\u00e9guinage \u00e0 Cour-Cheverny en Sologne\" \/>\n<meta property=\"og:url\" content=\"https:\/\/lebeguinage.fr\/contact\/\" \/>\n<meta property=\"og:site_name\" content=\"Chambres d&#039;h\u00f4tes et G\u00eete Le B\u00e9guinage \u00e0 Cour-Cheverny en Sologne\" \/>\n<meta property=\"article:modified_time\" content=\"2019-01-17T17:26:10+00:00\" \/>\n<meta name=\"twitter:card\" content=\"summary_large_image\" \/>\n<meta name=\"twitter:label1\" content=\"Est. reading time\" \/>\n\t<meta name=\"twitter:data1\" content=\"7 minutes\" \/>\n<script type=\"application\/ld+json\" class=\"yoast-schema-graph\">{\"@context\":\"https:\/\/schema.org\",\"@graph\":[{\"@type\":\"WebPage\",\"@id\":\"https:\/\/lebeguinage.fr\/contact\/\",\"url\":\"https:\/\/lebeguinage.fr\/contact\/\",\"name\":\"Contact - Chambres d&#039;h\u00f4tes et G\u00eete Le B\u00e9guinage \u00e0 Cour-Cheverny en Sologne\",\"isPartOf\":{\"@id\":\"https:\/\/lebeguinage.fr\/#website\"},\"datePublished\":\"2017-10-03T14:09:22+00:00\",\"dateModified\":\"2019-01-17T17:26:10+00:00\",\"breadcrumb\":{\"@id\":\"https:\/\/lebeguinage.fr\/contact\/#breadcrumb\"},\"inLanguage\":\"en-US\",\"potentialAction\":[{\"@type\":\"ReadAction\",\"target\":[\"https:\/\/lebeguinage.fr\/contact\/\"]}]},{\"@type\":\"BreadcrumbList\",\"@id\":\"https:\/\/lebeguinage.fr\/contact\/#breadcrumb\",\"itemListElement\":[{\"@type\":\"ListItem\",\"position\":1,\"name\":\"Accueil\",\"item\":\"https:\/\/lebeguinage.fr\/\"},{\"@type\":\"ListItem\",\"position\":2,\"name\":\"Contact\"}]},{\"@type\":\"WebSite\",\"@id\":\"https:\/\/lebeguinage.fr\/#website\",\"url\":\"https:\/\/lebeguinage.fr\/\",\"name\":\"Chambres d&#039;h\u00f4tes et G\u00eete Le B\u00e9guinage \u00e0 Cour-Cheverny en Sologne\",\"description\":\"\",\"potentialAction\":[{\"@type\":\"SearchAction\",\"target\":{\"@type\":\"EntryPoint\",\"urlTemplate\":\"https:\/\/lebeguinage.fr\/?s={search_term_string}\"},\"query-input\":{\"@type\":\"PropertyValueSpecification\",\"valueRequired\":true,\"valueName\":\"search_term_string\"}}],\"inLanguage\":\"en-US\"}]}<\/script>\n<!-- \/ Yoast SEO plugin. -->","yoast_head_json":{"title":"Contact - Chambres d&#039;h\u00f4tes et G\u00eete Le B\u00e9guinage \u00e0 Cour-Cheverny en Sologne","robots":{"index":"index","follow":"follow","max-snippet":"max-snippet:-1","max-image-preview":"max-image-preview:large","max-video-preview":"max-video-preview:-1"},"canonical":"https:\/\/lebeguinage.fr\/en\/contact\/","og_locale":"en_US","og_type":"article","og_title":"Contact - Chambres d&#039;h\u00f4tes et G\u00eete Le B\u00e9guinage \u00e0 Cour-Cheverny en Sologne","og_url":"https:\/\/lebeguinage.fr\/contact\/","og_site_name":"Chambres d&#039;h\u00f4tes et G\u00eete Le B\u00e9guinage \u00e0 Cour-Cheverny en Sologne","article_modified_time":"2019-01-17T17:26:10+00:00","twitter_card":"summary_large_image","twitter_misc":{"Est. reading time":"7 minutes"},"schema":{"@context":"https:\/\/schema.org","@graph":[{"@type":"WebPage","@id":"https:\/\/lebeguinage.fr\/contact\/","url":"https:\/\/lebeguinage.fr\/contact\/","name":"Contact - Chambres d&#039;h\u00f4tes et G\u00eete Le B\u00e9guinage \u00e0 Cour-Cheverny en Sologne","isPartOf":{"@id":"https:\/\/lebeguinage.fr\/#website"},"datePublished":"2017-10-03T14:09:22+00:00","dateModified":"2019-01-17T17:26:10+00:00","breadcrumb":{"@id":"https:\/\/lebeguinage.fr\/contact\/#breadcrumb"},"inLanguage":"en-US","potentialAction":[{"@type":"ReadAction","target":["https:\/\/lebeguinage.fr\/contact\/"]}]},{"@type":"BreadcrumbList","@id":"https:\/\/lebeguinage.fr\/contact\/#breadcrumb","itemListElement":[{"@type":"ListItem","position":1,"name":"Accueil","item":"https:\/\/lebeguinage.fr\/"},{"@type":"ListItem","position":2,"name":"Contact"}]},{"@type":"WebSite","@id":"https:\/\/lebeguinage.fr\/#website","url":"https:\/\/lebeguinage.fr\/","name":"Chambres d&#039;h\u00f4tes et G\u00eete Le B\u00e9guinage \u00e0 Cour-Cheverny en Sologne","description":"","potentialAction":[{"@type":"SearchAction","target":{"@type":"EntryPoint","urlTemplate":"https:\/\/lebeguinage.fr\/?s={search_term_string}"},"query-input":{"@type":"PropertyValueSpecification","valueRequired":true,"valueName":"search_term_string"}}],"inLanguage":"en-US"}]}},"_links":{"self":[{"href":"https:\/\/lebeguinage.fr\/en\/wp-json\/wp\/v2\/pages\/3653\/"}],"collection":[{"href":"https:\/\/lebeguinage.fr\/en\/wp-json\/wp\/v2\/pages\/"}],"about":[{"href":"https:\/\/lebeguinage.fr\/en\/wp-json\/wp\/v2\/types\/page\/"}],"author":[{"embeddable":true,"href":"https:\/\/lebeguinage.fr\/en\/wp-json\/wp\/v2\/users\/4\/"}],"replies":[{"embeddable":true,"href":"https:\/\/lebeguinage.fr\/en\/wp-json\/wp\/v2\/comments\/?post=3653"}],"version-history":[{"count":16,"href":"https:\/\/lebeguinage.fr\/en\/wp-json\/wp\/v2\/pages\/3653\/revisions\/"}],"predecessor-version":[{"id":4429,"href":"https:\/\/lebeguinage.fr\/en\/wp-json\/wp\/v2\/pages\/3653\/revisions\/4429\/"}],"wp:attachment":[{"href":"https:\/\/lebeguinage.fr\/en\/wp-json\/wp\/v2\/media\/?parent=3653"}],"curies":[{"name":"wp","href":"https:\/\/api.w.org\/{rel}","templated":true}]}}