{"id":3642,"date":"2017-10-23T21:31:06","date_gmt":"2017-10-23T19:31:06","guid":{"rendered":"http:\/\/lebeguinage.fr\/mentions-legales\/"},"modified":"2019-01-17T18:11:19","modified_gmt":"2019-01-17T17:11:19","slug":"legal-mentions","status":"publish","type":"page","link":"https:\/\/lebeguinage.fr\/en\/legal-mentions\/","title":{"rendered":"Legal mentions"},"content":{"rendered":"<div class=\"fusion-fullwidth fullwidth-box fusion-builder-row-1 nonhundred-percent-fullwidth non-hundred-percent-height-scrolling\"  style='background-color: rgba(255,255,255,0);background-position: center center;background-repeat: no-repeat;padding-top:0px;padding-right:0px;padding-bottom:0px;padding-left:0px;'><div class=\"fusion-builder-row fusion-row \"><div  class=\"fusion-layout-column fusion_builder_column fusion_builder_column_1_1 fusion-builder-column-0 fusion-one-full fusion-column-first fusion-column-last 1_1\"  style='margin-top:0px;margin-bottom:0px;'><div class=\"fusion-column-wrapper\" style=\"padding: 0px 0px 0px 0px;background-position:left top;background-repeat:no-repeat;-webkit-background-size:cover;-moz-background-size:cover;-o-background-size:cover;background-size:cover;\"   data-bg-url=\"\"><div class=\"fusion-sep-clear\"><\/div><div class=\"fusion-separator fusion-full-width-sep sep-none\" style=\"margin-left: auto;margin-right: auto;margin-top:30px;\"><\/div><div class=\"fusion-text\"><h1 class=\"p1\" style=\"text-align: center;\"><span class=\"s1\">Legal mentions<\/span><\/h1>\n<\/div><div class=\"fusion-sep-clear\"><\/div><div class=\"fusion-separator fusion-full-width-sep sep-none\" style=\"margin-left: auto;margin-right: auto;margin-top:30px;\"><\/div><div class=\"fusion-text\"><h2 class=\"p1\"><span class=\"s1\">Identification et publication<\/span><\/h2>\n<p class=\"p2\"><span class=\"s1\">Il est pr\u00e9cis\u00e9 aux Utilisateurs du site www.lebeguinage.fr l\u2019identit\u00e9 des diff\u00e9rents intervenants dans le cadre de sa r\u00e9alisation et de son suivi :<\/span><\/p>\n<p class=\"p2\"><span class=\"s1\">Le pr\u00e9sent site est publi\u00e9 par :\u00a0CHAMBRES D HOTES LE BEGUINAGE dont le si\u00e8ge social est sis 14 RUE NATIONALE 41700 COUR CHEVERNY.<\/span><\/p>\n<p class=\"p2\"><span class=\"s1\">Num\u00e9ro de t\u00e9l\u00e9phone : 02 54 79 29 92 OU 06 88 22 60 76<\/span><\/p>\n<p class=\"p2\"><span class=\"s1\">Directeur de la publication : DELOISON BRICE ET PATRICIA<\/span><\/p>\n<h2 class=\"p1\"><span class=\"s1\">Marques<\/span><\/h2>\n<p class=\"p2\"><span class=\"s1\">Les marques et logos de la soci\u00e9t\u00e9 LE BEGUINAGE figurant sur le site sont des marques et logos d\u00e9pos\u00e9es. Toute reproduction totale ou partielle de ces marques et logos sans autorisation expresse de la soci\u00e9t\u00e9\u00a0LE BEGUINAGE est prohib\u00e9e.<\/span><\/p>\n<h2 class=\"p1\"><span class=\"s1\">H\u00e9bergeur<\/span><\/h2>\n<p class=\"p2\"><span class=\"s1\">L\u2019h\u00e9bergement est assur\u00e9 par la soci\u00e9t\u00e9\u00a0OVH dont le si\u00e8ge social est sis 2 rue Kellermann \u2013 59100 Roubaix \u2013 France.<\/span><\/p>\n<p class=\"p2\"><span class=\"s1\">Num\u00e9ro de t\u00e9l\u00e9phone de l\u2019h\u00e9bergeur 08 203 203 63 \u2013 n\u00b0 indigo (0,118 \u20ac\/min).<\/span><\/p>\n<h2 class=\"p1\"><span class=\"s1\">Politique de confidentialit\u00e9<\/span><\/h2>\n<p class=\"p2\"><span class=\"s1\">\u2013 Quelles donn\u00e9es personnelles sont collect\u00e9es :<\/span><\/p>\n<p class=\"p2\"><span class=\"s1\">Les donn\u00e9es manuellement entr\u00e9es dans le formulaire de contact : Pr\u00e9nom, Nom, Email.<\/span><\/p>\n<p class=\"p2\"><span class=\"s1\">\u2013 Combien de temps vos donn\u00e9es sont conserv\u00e9es ?<\/span><\/p>\n<p class=\"p2\"><span class=\"s1\">Vos donn\u00e9es sont stock\u00e9es pour une p\u00e9riode maximale de 3 ans.<\/span><\/p>\n<p class=\"p2\"><span class=\"s1\">\u2013 Avec qui partageons nous vos donn\u00e9es ?<\/span><\/p>\n<p class=\"p2\"><span class=\"s1\">Vos donn\u00e9es ne sont partag\u00e9es avec aucune tierce partie.<\/span><\/p>\n<p class=\"p2\"><span class=\"s1\">\u2013 Comment exercer mon droit \u00e0 la modification et suppression de mes donn\u00e9es ?<\/span><\/p>\n<p class=\"p2\"><span class=\"s1\">Veuillez r\u00e9aliser votre demande \u00e0 l\u2019aide du formulaire de contact.<\/span><\/p>\n<h2 class=\"p1\"><span class=\"s1\">Date de la derni\u00e8re mise \u00e0 jour<\/span><\/h2>\n<p class=\"p2\"><span class=\"s1\">La derni\u00e8re mise \u00e0 jour de ces mentions l\u00e9gales, politique de confidentialit\u00e9 et conditions d\u2019utilisation sont en date du xx\/xx\/2018.<\/span><\/p>\n<\/div><div class=\"fusion-clearfix\"><\/div><\/div><\/div><\/div><\/div>\n","protected":false},"excerpt":{"rendered":"","protected":false},"author":4,"featured_media":0,"parent":0,"menu_order":0,"comment_status":"closed","ping_status":"closed","template":"","meta":{"footnotes":""},"class_list":["post-3642","page","type-page","status-publish","hentry"],"yoast_head":"<!-- This site is optimized with the Yoast SEO plugin v24.2 - https:\/\/yoast.com\/wordpress\/plugins\/seo\/ -->\n<title>Legal mentions - Chambres d&#039;h\u00f4tes et G\u00eete Le B\u00e9guinage \u00e0 Cour-Cheverny en Sologne<\/title>\n<meta name=\"robots\" content=\"index, follow, max-snippet:-1, max-image-preview:large, max-video-preview:-1\" \/>\n<link rel=\"canonical\" href=\"https:\/\/lebeguinage.fr\/en\/mentions-legales\/\" \/>\n<meta property=\"og:locale\" content=\"en_US\" \/>\n<meta property=\"og:type\" content=\"article\" \/>\n<meta property=\"og:title\" content=\"Legal mentions - Chambres d&#039;h\u00f4tes et G\u00eete Le B\u00e9guinage \u00e0 Cour-Cheverny en Sologne\" \/>\n<meta property=\"og:url\" content=\"https:\/\/lebeguinage.fr\/mentions-legales\/\" \/>\n<meta property=\"og:site_name\" content=\"Chambres d&#039;h\u00f4tes et G\u00eete Le B\u00e9guinage \u00e0 Cour-Cheverny en Sologne\" \/>\n<meta property=\"article:modified_time\" content=\"2019-01-17T17:11:19+00:00\" \/>\n<meta name=\"twitter:card\" content=\"summary_large_image\" \/>\n<meta name=\"twitter:label1\" content=\"Est. reading time\" \/>\n\t<meta name=\"twitter:data1\" content=\"3 minutes\" \/>\n<script type=\"application\/ld+json\" class=\"yoast-schema-graph\">{\"@context\":\"https:\/\/schema.org\",\"@graph\":[{\"@type\":\"WebPage\",\"@id\":\"https:\/\/lebeguinage.fr\/mentions-legales\/\",\"url\":\"https:\/\/lebeguinage.fr\/mentions-legales\/\",\"name\":\"Legal mentions - Chambres d&#039;h\u00f4tes et G\u00eete Le B\u00e9guinage \u00e0 Cour-Cheverny en Sologne\",\"isPartOf\":{\"@id\":\"https:\/\/lebeguinage.fr\/#website\"},\"datePublished\":\"2017-10-23T19:31:06+00:00\",\"dateModified\":\"2019-01-17T17:11:19+00:00\",\"breadcrumb\":{\"@id\":\"https:\/\/lebeguinage.fr\/mentions-legales\/#breadcrumb\"},\"inLanguage\":\"en-US\",\"potentialAction\":[{\"@type\":\"ReadAction\",\"target\":[\"https:\/\/lebeguinage.fr\/mentions-legales\/\"]}]},{\"@type\":\"BreadcrumbList\",\"@id\":\"https:\/\/lebeguinage.fr\/mentions-legales\/#breadcrumb\",\"itemListElement\":[{\"@type\":\"ListItem\",\"position\":1,\"name\":\"Accueil\",\"item\":\"https:\/\/lebeguinage.fr\/\"},{\"@type\":\"ListItem\",\"position\":2,\"name\":\"Legal mentions\"}]},{\"@type\":\"WebSite\",\"@id\":\"https:\/\/lebeguinage.fr\/#website\",\"url\":\"https:\/\/lebeguinage.fr\/\",\"name\":\"Chambres d&#039;h\u00f4tes et G\u00eete Le B\u00e9guinage \u00e0 Cour-Cheverny en Sologne\",\"description\":\"\",\"potentialAction\":[{\"@type\":\"SearchAction\",\"target\":{\"@type\":\"EntryPoint\",\"urlTemplate\":\"https:\/\/lebeguinage.fr\/?s={search_term_string}\"},\"query-input\":{\"@type\":\"PropertyValueSpecification\",\"valueRequired\":true,\"valueName\":\"search_term_string\"}}],\"inLanguage\":\"en-US\"}]}<\/script>\n<!-- \/ Yoast SEO plugin. -->","yoast_head_json":{"title":"Legal mentions - Chambres d&#039;h\u00f4tes et G\u00eete Le B\u00e9guinage \u00e0 Cour-Cheverny en Sologne","robots":{"index":"index","follow":"follow","max-snippet":"max-snippet:-1","max-image-preview":"max-image-preview:large","max-video-preview":"max-video-preview:-1"},"canonical":"https:\/\/lebeguinage.fr\/en\/mentions-legales\/","og_locale":"en_US","og_type":"article","og_title":"Legal mentions - Chambres d&#039;h\u00f4tes et G\u00eete Le B\u00e9guinage \u00e0 Cour-Cheverny en Sologne","og_url":"https:\/\/lebeguinage.fr\/mentions-legales\/","og_site_name":"Chambres d&#039;h\u00f4tes et G\u00eete Le B\u00e9guinage \u00e0 Cour-Cheverny en Sologne","article_modified_time":"2019-01-17T17:11:19+00:00","twitter_card":"summary_large_image","twitter_misc":{"Est. reading time":"3 minutes"},"schema":{"@context":"https:\/\/schema.org","@graph":[{"@type":"WebPage","@id":"https:\/\/lebeguinage.fr\/mentions-legales\/","url":"https:\/\/lebeguinage.fr\/mentions-legales\/","name":"Legal mentions - Chambres d&#039;h\u00f4tes et G\u00eete Le B\u00e9guinage \u00e0 Cour-Cheverny en Sologne","isPartOf":{"@id":"https:\/\/lebeguinage.fr\/#website"},"datePublished":"2017-10-23T19:31:06+00:00","dateModified":"2019-01-17T17:11:19+00:00","breadcrumb":{"@id":"https:\/\/lebeguinage.fr\/mentions-legales\/#breadcrumb"},"inLanguage":"en-US","potentialAction":[{"@type":"ReadAction","target":["https:\/\/lebeguinage.fr\/mentions-legales\/"]}]},{"@type":"BreadcrumbList","@id":"https:\/\/lebeguinage.fr\/mentions-legales\/#breadcrumb","itemListElement":[{"@type":"ListItem","position":1,"name":"Accueil","item":"https:\/\/lebeguinage.fr\/"},{"@type":"ListItem","position":2,"name":"Legal mentions"}]},{"@type":"WebSite","@id":"https:\/\/lebeguinage.fr\/#website","url":"https:\/\/lebeguinage.fr\/","name":"Chambres d&#039;h\u00f4tes et G\u00eete Le B\u00e9guinage \u00e0 Cour-Cheverny en Sologne","description":"","potentialAction":[{"@type":"SearchAction","target":{"@type":"EntryPoint","urlTemplate":"https:\/\/lebeguinage.fr\/?s={search_term_string}"},"query-input":{"@type":"PropertyValueSpecification","valueRequired":true,"valueName":"search_term_string"}}],"inLanguage":"en-US"}]}},"_links":{"self":[{"href":"https:\/\/lebeguinage.fr\/en\/wp-json\/wp\/v2\/pages\/3642\/"}],"collection":[{"href":"https:\/\/lebeguinage.fr\/en\/wp-json\/wp\/v2\/pages\/"}],"about":[{"href":"https:\/\/lebeguinage.fr\/en\/wp-json\/wp\/v2\/types\/page\/"}],"author":[{"embeddable":true,"href":"https:\/\/lebeguinage.fr\/en\/wp-json\/wp\/v2\/users\/4\/"}],"replies":[{"embeddable":true,"href":"https:\/\/lebeguinage.fr\/en\/wp-json\/wp\/v2\/comments\/?post=3642"}],"version-history":[{"count":4,"href":"https:\/\/lebeguinage.fr\/en\/wp-json\/wp\/v2\/pages\/3642\/revisions\/"}],"predecessor-version":[{"id":4423,"href":"https:\/\/lebeguinage.fr\/en\/wp-json\/wp\/v2\/pages\/3642\/revisions\/4423\/"}],"wp:attachment":[{"href":"https:\/\/lebeguinage.fr\/en\/wp-json\/wp\/v2\/media\/?parent=3642"}],"curies":[{"name":"wp","href":"https:\/\/api.w.org\/{rel}","templated":true}]}}